{"id":259,"date":"2017-12-06T11:32:23","date_gmt":"2017-12-06T11:32:23","guid":{"rendered":"http:\/\/olymposzakkum.com\/?page_id=259"},"modified":"2025-05-13T12:00:35","modified_gmt":"2025-05-13T09:00:35","slug":"zakkum-pansiyon-olympos","status":"publish","type":"page","link":"https:\/\/olymposzakkum.com\/?page_id=259","title":{"rendered":"Zakkum Pansiyon"},"content":{"rendered":"<p>[vc_row][vc_column width=&#8221;1\/12&#8243; icons_position=&#8221;left&#8221;][\/vc_column][vc_column width=&#8221;10\/12&#8243; icons_position=&#8221;left&#8221;]<div id=\"sc_title_2071771558\"\n\t\tclass=\"sc_title color_style_default sc_title_default\"><h6 class=\"sc_item_subtitle sc_title_subtitle sc_align_center sc_item_title_style_default\">Olympos<\/h6><h2 class=\"sc_item_title sc_title_title sc_align_center sc_item_title_style_default sc_item_title_tag\">Zakkum Pansiyon<\/h2><\/div><!-- \/.sc_title -->[vc_empty_space height=&#8221;2em&#8221; alter_height=&#8221;none&#8221; hide_on_desktop=&#8221;&#8221; hide_on_notebook=&#8221;&#8221; hide_on_tablet=&#8221;&#8221; hide_on_mobile=&#8221;&#8221;]<div id=\"sc_title_1856025476\"\n\t\tclass=\"sc_title color_style_default sc_title_decor\"><div class=\"sc_item_descr sc_title_descr sc_align_center\"><p>Pansiyonumuz Antalya 'n\u0131n e\u015fsiz tarihi dokusu ve do\u011fas\u0131n\u0131 bar\u0131nd\u0131ran Adrasan \/ Olympos'tad\u0131r.<\/p>\n<p>Yaz - K\u0131\u015f a\u00e7\u0131k olan pansiyonumuz g\u00fclery\u00fczl\u00fc personeli ve tamamen yenilenmi\u015f konaklama alanlar\u0131 ile sizlere daha kaliteli hizmet vermek i\u00e7in \u00e7al\u0131\u015fmaktad\u0131r.<\/p>\n<p>Profesyonel bir hizmet anlay\u0131\u015f\u0131 ile konaklama. Rahat ve temiz bir pansiyonda kalma imkan\u0131n\u0131 sizlere sunuyoruz. Damak tad\u0131n\u0131za uygun yiyecek ve i\u00e7ecekler, Her gece canl\u0131 m\u00fczik ile sizlere ekonomik ve kaliteli bir tatil imkan\u0131 sunuyoruz.<\/p>\n<p>Toplam 12 oda 36 yatak kapasitesi, restorand\u0131 odas\u0131nda du\u015f, s\u0131cak su klima ve tv ye kadar ihtiyac\u0131n\u0131z olan her \u015feyi bulabilirsiniz.<\/p>\n<p>\u00c7a\u011fda\u015f medeniyetleri olu\u015fturan k\u00fclt\u00fcrlerin tarihi miras\u0131n\u0131 koruyan Antalya Olympos'ta konaklamak i\u00e7in e\u015fsiz bir mekand\u0131r Zakkum Pansiyon. Pansiyonumuzdaki anlay\u0131\u015f\u0131m\u0131z tamamen sizleri mutlu ve huzurlu bir tatil ge\u00e7irmenizi sa\u011flamak \u00fczerine kurulmu\u015ftur.<\/p>\n<\/div><\/div><!-- \/.sc_title -->[\/vc_column][vc_column width=&#8221;1\/12&#8243; icons_position=&#8221;left&#8221;][\/vc_column][\/vc_row][vc_row full_width=&#8221;stretch_row&#8221; hide_bg_image_on_tablet=&#8221;1&#8243; hide_bg_image_on_mobile=&#8221;1&#8243; el_class=&#8221;bg_position_left&#8221; css=&#8221;.vc_custom_1515776417284{background-image: url(http:\/\/olymposzakkum.com\/wp-content\/uploads\/2017\/12\/flower_bg_decoration.png?id=689) !important;background-position: top left !important;background-repeat: no-repeat !important;background-size: contain !important;}&#8221;][vc_column icons_position=&#8221;left&#8221;][vc_row_inner content_placement=&#8221;middle&#8221;][vc_column_inner width=&#8221;1\/2&#8243; icons_position=&#8221;left&#8221;][vc_single_image image=&#8221;1657&#8243; img_size=&#8221;full&#8221; style=&#8221;vc_box_border&#8221; border_color=&#8221;white&#8221; el_class=&#8221;image_center_resp&#8221;][vc_empty_space height=&#8221;3em&#8221; alter_height=&#8221;none&#8221; hide_on_desktop=&#8221;1&#8243; hide_on_notebook=&#8221;1&#8243; hide_on_tablet=&#8221;&#8221; hide_on_mobile=&#8221;&#8221;][\/vc_column_inner][vc_column_inner width=&#8221;1\/2&#8243; icons_position=&#8221;left&#8221;]<div class=\"sc_content_wrap sc_push_tiny sc_push_hide_on_tablet sc_push_hide_on_mobile\"><div id=\"sc_content_112163313\"\n\t\tclass=\"sc_content color_style_default sc_content_default sc_float_center\"><div class=\"sc_content_container\"><div id=\"sc_title_823567265\"\n\t\tclass=\"sc_title color_style_default sc_title_default\"><h3 class=\"sc_item_title sc_title_title sc_align_left sc_item_title_style_default\">Neden Zakkum Pansiyon ?<\/h3><div class=\"sc_item_descr sc_title_descr sc_align_left\"><p>Olmpos 'un denize en yak\u0131n noktas\u0131nda yeralan Pansiyonumuz sayesinde ula\u015fmak istedi\u011finiz her noktaya kolayl\u0131kla ula\u015fabileceksiniz.<br \/>\nZakkum'da kalanlara sorun \"tatili mutlu ge\u00e7irmenin yolu buradan ge\u00e7er.\"<br \/>\nT\u00fcm y\u0131l\u0131n yorgunlu\u011funu atmak i\u00e7in en do\u011fru yeresiniz.<\/p>\n<\/div><\/div><!-- \/.sc_title --><\/div><\/div><!-- \/.sc_content --><\/div><!-- \/.sc_content_wrap -->[\/vc_column_inner][\/vc_row_inner][vc_empty_space height=&#8221;3em&#8221; alter_height=&#8221;none&#8221; hide_on_desktop=&#8221;&#8221; hide_on_notebook=&#8221;&#8221; hide_on_tablet=&#8221;&#8221; hide_on_mobile=&#8221;&#8221;][vc_empty_space height=&#8221;8em&#8221; alter_height=&#8221;none&#8221; hide_on_desktop=&#8221;&#8221; hide_on_notebook=&#8221;&#8221; hide_on_tablet=&#8221;1&#8243; hide_on_mobile=&#8221;1&#8243;][\/vc_column][\/vc_row]<\/p>\n","protected":false},"excerpt":{"rendered":"<p>[vc_row][vc_column width=&#8221;1\/12&#8243; icons_position=&#8221;left&#8221;][\/vc_column][vc_column width=&#8221;10\/12&#8243; icons_position=&#8221;left&#8221;][vc_empty_space height=&#8221;2em&#8221; alter_height=&#8221;none&#8221; hide_on_desktop=&#8221;&#8221; hide_on_notebook=&#8221;&#8221; hide_on_tablet=&#8221;&#8221; hide_on_mobile=&#8221;&#8221;][\/vc_column][vc_column width=&#8221;1\/12&#8243; icons_position=&#8221;left&#8221;][\/vc_column][\/vc_row][vc_row full_width=&#8221;stretch_row&#8221; hide_bg_image_on_tablet=&#8221;1&#8243; hide_bg_image_on_mobile=&#8221;1&#8243; el_class=&#8221;bg_position_left&#8221; css=&#8221;.vc_custom_1515776417284{background-image: url(http:\/\/olymposzakkum.com\/wp-content\/uploads\/2017\/12\/flower_bg_decoration.png?id=689) !important;background-position: top left !important;background-repeat: no-repeat !important;background-size: contain !important;}&#8221;][vc_column icons_position=&#8221;left&#8221;][vc_row_inner content_placement=&#8221;middle&#8221;][vc_column_inner width=&#8221;1\/2&#8243; icons_position=&#8221;left&#8221;][vc_single_image image=&#8221;1657&#8243; img_size=&#8221;full&#8221; style=&#8221;vc_box_border&#8221; border_color=&#8221;white&#8221; el_class=&#8221;image_center_resp&#8221;][vc_empty_space height=&#8221;3em&#8221; alter_height=&#8221;none&#8221; hide_on_desktop=&#8221;1&#8243; hide_on_notebook=&#8221;1&#8243; hide_on_tablet=&#8221;&#8221; hide_on_mobile=&#8221;&#8221;][\/vc_column_inner][vc_column_inner width=&#8221;1\/2&#8243; icons_position=&#8221;left&#8221;][\/vc_column_inner][\/vc_row_inner][vc_empty_space height=&#8221;3em&#8221; alter_height=&#8221;none&#8221; hide_on_desktop=&#8221;&#8221; hide_on_notebook=&#8221;&#8221; hide_on_tablet=&#8221;&#8221; hide_on_mobile=&#8221;&#8221;][vc_empty_space height=&#8221;8em&#8221; alter_height=&#8221;none&#8221; hide_on_desktop=&#8221;&#8221; hide_on_notebook=&#8221;&#8221; hide_on_tablet=&#8221;1&#8243; hide_on_mobile=&#8221;1&#8243;][\/vc_column][\/vc_row]<\/p>\n","protected":false},"author":1,"featured_media":0,"parent":0,"menu_order":0,"comment_status":"closed","ping_status":"closed","template":"","meta":{"footnotes":""},"class_list":["post-259","page","type-page","status-publish","hentry"],"_links":{"self":[{"href":"https:\/\/olymposzakkum.com\/index.php?rest_route=\/wp\/v2\/pages\/259","targetHints":{"allow":["GET"]}}],"collection":[{"href":"https:\/\/olymposzakkum.com\/index.php?rest_route=\/wp\/v2\/pages"}],"about":[{"href":"https:\/\/olymposzakkum.com\/index.php?rest_route=\/wp\/v2\/types\/page"}],"author":[{"embeddable":true,"href":"https:\/\/olymposzakkum.com\/index.php?rest_route=\/wp\/v2\/users\/1"}],"replies":[{"embeddable":true,"href":"https:\/\/olymposzakkum.com\/index.php?rest_route=%2Fwp%2Fv2%2Fcomments&post=259"}],"version-history":[{"count":7,"href":"https:\/\/olymposzakkum.com\/index.php?rest_route=\/wp\/v2\/pages\/259\/revisions"}],"predecessor-version":[{"id":2680,"href":"https:\/\/olymposzakkum.com\/index.php?rest_route=\/wp\/v2\/pages\/259\/revisions\/2680"}],"wp:attachment":[{"href":"https:\/\/olymposzakkum.com\/index.php?rest_route=%2Fwp%2Fv2%2Fmedia&parent=259"}],"curies":[{"name":"wp","href":"https:\/\/api.w.org\/{rel}","templated":true}]}}